{"id":2,"date":"2025-05-08T19:40:50","date_gmt":"2025-05-08T17:40:50","guid":{"rendered":"http:\/\/winterdesign.pl\/?page_id=2"},"modified":"2025-05-11T14:51:47","modified_gmt":"2025-05-11T12:51:47","slug":"przykladowa-strona","status":"publish","type":"page","link":"https:\/\/winterdesign.pl\/?page_id=2","title":{"rendered":"O nas"},"content":{"rendered":"<h2 class=\"wp-block-heading\"><strong>Kim jeste\u015bmy?<\/strong><\/h2><p><strong>Winter Design<\/strong> to ma\u0142e, niezale\u017cne studio kreatywne z Podkarpacia, tworzone przez duet po\u0142\u0105czony mi\u0142o\u015bci\u0105 do siebie i sztuki.  <br>\u0141\u0105czymy do\u015bwiadczenie w grafice, designie i technologii, tworz\u0105c mark\u0119, kt\u00f3ra \u0142\u0105czy estetyk\u0119 lat 80., klimat Synthwave, Metal, Alternatyw\u0119, gry komputerowe, horror i psychodel\u0119. Zajmujemy si\u0119 projektowaniem graficznym, tworzeniem tre\u015bci i produkcj\u0105 unikalnych rzeczy dla unikalnych ludzi. <\/p><figure class=\"wp-block-image size-large\"><img fetchpriority=\"high\" decoding=\"async\" width=\"1024\" height=\"768\" src=\"https:\/\/winterdesign.pl\/wp-content\/uploads\/2025\/05\/490927556_29506527765605337_1026038226718337590_n-1-1024x768.jpg\" alt=\"\" class=\"wp-image-116\" srcset=\"https:\/\/winterdesign.pl\/wp-content\/uploads\/2025\/05\/490927556_29506527765605337_1026038226718337590_n-1-1024x768.jpg 1024w, https:\/\/winterdesign.pl\/wp-content\/uploads\/2025\/05\/490927556_29506527765605337_1026038226718337590_n-1-300x225.jpg 300w, https:\/\/winterdesign.pl\/wp-content\/uploads\/2025\/05\/490927556_29506527765605337_1026038226718337590_n-1-768x576.jpg 768w, https:\/\/winterdesign.pl\/wp-content\/uploads\/2025\/05\/490927556_29506527765605337_1026038226718337590_n-1-1536x1152.jpg 1536w, https:\/\/winterdesign.pl\/wp-content\/uploads\/2025\/05\/490927556_29506527765605337_1026038226718337590_n-1-600x450.jpg 600w, https:\/\/winterdesign.pl\/wp-content\/uploads\/2025\/05\/490927556_29506527765605337_1026038226718337590_n-1.jpg 1600w\" sizes=\"(max-width: 1024px) 100vw, 1024px\" \/><\/figure><hr class=\"wp-block-separator has-alpha-channel-opacity\"\/><h2 class=\"wp-block-heading\">Charlie <\/h2><p>Mechanik z zawodu, kucharz z wykszta\u0142cenia, muzyk z duszy i go\u015b\u0107 od ogarniania wszystkiego. Nap\u0119dzany przez <strong>ADHD<\/strong> i <strong>THC<\/strong> Frontman zespo\u0142u <strong><a href=\"https:\/\/www.youtube.com\/watch?v=fonJgfvgYCM\" data-type=\"link\" data-id=\"https:\/\/www.youtube.com\/watch?v=fonJgfvgYCM\">Blind God<\/a><\/strong>, pasjonat starych samochod\u00f3w, motocykli, muzyki, popkultury lat 80, gier komputerowych i sztuki. W <strong>Winter Design <\/strong>zajmuje si\u0119 ca\u0142\u0105 koncepcj\u0105, stron\u0105 techniczn\u0105, socialami i marketingiem. Ma na koncie ponad 5 lat do\u015bwiadczenia w korporacjach jako specjalista od obs\u0142ugi klienta, social medi\u00f3w i marketingu ale rzuci\u0142 to wszystko w choler\u0119, \u017ceby naprawia\u0107 gruzy i robi\u0107 wszytko po swojemu.<br>Na luzie, bez spiny. Jeste\u015bmy lud\u017ami \u2013 nie robotami wype\u0142niaj\u0105cymi tabelki w Excelu. <br>Jeba\u0107 korpo, jeba\u0107 prywaciorzy, <strong>Evviva l\u2019arte!<\/strong><\/p><hr class=\"wp-block-separator has-alpha-channel-opacity\"\/><h2 class=\"wp-block-heading\">Julka<\/h2><p>Tatua\u017cystka z krwi i ko\u015bci, grafik komputerowy, artystka o niezwyk\u0142ym wyczuciu stylu i detalu. Jej projekty s\u0105 mroczne, niepokoj\u0105ce, czasami psychodeliczne, ale zawsze maj\u0105 co\u015b do powiedzenia. Najlepiej tworzy, gdy dostaje woln\u0105 r\u0119k\u0119 \u2013 autorskie kolekcje to jej konik, cho\u0107 customy te\u017c ogarnie (o ile dasz jej przestrze\u0144 i nie b\u0119dziesz marudzi\u0107).<\/p><p><br>\ud83d\udd8c\ufe0f Tworzy dok\u0142adnie, konsekwentnie i w swoim tempie \u2013 w rezultacie oferuj\u0105c efekty, na kt\u00f3re warto poczeka\u0107.<\/p><blockquote class=\"wp-block-quote is-layout-flow wp-block-quote-is-layout-flow\"><p>Jej portfolio znajdziesz tutaj: <a class=\"\" href=\"https:\/\/www.instagram.com\/julka.b_tattoo\/\">@julka.b_tattoo<\/a><\/p><\/blockquote><h3 class=\"wp-block-heading\">\ud83d\udc55 Co robimy?<\/h3><p>Projektujemy i oferujemy:<\/p><ul class=\"wp-block-list\"><li>autorskie koszulki, printy i plakaty,<\/li>\n\n<li>r\u0119kodzie\u0142o i ilustracje,<\/li>\n\n<li>grafiki i wzory na zam\u00f3wienie,<\/li>\n\n<li>us\u0142ugi webowe: strony www, sklepy, social media i marketing (w razie potrzeby).<\/li><\/ul><p>Nie idziemy w mas\u00f3wk\u0119 \u2014 ka\u017cdy projekt to dla nas szansa na pokazanie zajawki i dopracowanie detali.<\/p><hr class=\"wp-block-separator has-alpha-channel-opacity\"\/><p><\/p>","protected":false},"excerpt":{"rendered":"<p>Kim jeste\u015bmy? Winter Design to ma\u0142e, niezale\u017cne studio kreatywne z Podkarpacia, tworzone przez duet po\u0142\u0105czony mi\u0142o\u015bci\u0105 do siebie i sztuki. \u0141\u0105czymy do\u015bwiadczenie w grafice, designie i technologii, tworz\u0105c mark\u0119, kt\u00f3ra \u0142\u0105czy estetyk\u0119 lat 80., klimat Synthwave, Metal, Alternatyw\u0119, gry komputerowe, horror i psychodel\u0119. Zajmujemy si\u0119 projektowaniem graficznym, tworzeniem tre\u015bci i produkcj\u0105 unikalnych rzeczy dla unikalnych [&hellip;]<\/p>\n","protected":false},"author":1,"featured_media":0,"parent":0,"menu_order":0,"comment_status":"closed","ping_status":"open","template":"","meta":{"footnotes":""},"class_list":["post-2","page","type-page","status-publish","hentry"],"_links":{"self":[{"href":"https:\/\/winterdesign.pl\/index.php?rest_route=\/wp\/v2\/pages\/2","targetHints":{"allow":["GET"]}}],"collection":[{"href":"https:\/\/winterdesign.pl\/index.php?rest_route=\/wp\/v2\/pages"}],"about":[{"href":"https:\/\/winterdesign.pl\/index.php?rest_route=\/wp\/v2\/types\/page"}],"author":[{"embeddable":true,"href":"https:\/\/winterdesign.pl\/index.php?rest_route=\/wp\/v2\/users\/1"}],"replies":[{"embeddable":true,"href":"https:\/\/winterdesign.pl\/index.php?rest_route=%2Fwp%2Fv2%2Fcomments&post=2"}],"version-history":[{"count":7,"href":"https:\/\/winterdesign.pl\/index.php?rest_route=\/wp\/v2\/pages\/2\/revisions"}],"predecessor-version":[{"id":128,"href":"https:\/\/winterdesign.pl\/index.php?rest_route=\/wp\/v2\/pages\/2\/revisions\/128"}],"wp:attachment":[{"href":"https:\/\/winterdesign.pl\/index.php?rest_route=%2Fwp%2Fv2%2Fmedia&parent=2"}],"curies":[{"name":"wp","href":"https:\/\/api.w.org\/{rel}","templated":true}]}}